{"id":2,"date":"2017-01-01T15:36:01","date_gmt":"2017-01-01T15:36:01","guid":{"rendered":"https:\/\/www.stefan-erichsen.eu\/?page_id=2"},"modified":"2017-01-01T16:19:24","modified_gmt":"2017-01-01T16:19:24","slug":"sample-page","status":"publish","type":"page","link":"https:\/\/www.stefan-erichsen.eu\/","title":{"rendered":""},"content":{"rendered":"<p>W\u00e4hrend meiner Karriere in der Software-Branche habe ich schon viele Systeme gesehen und angepasst. Ich habe viel \u00fcber die Architektur von Business Applikationen gelernt.<\/p>\n<blockquote><p>&#8220;This hole we&#8217;ve dug for ourselves is familiar and comforting! I can&#8217;t imagine turning back now. Let&#8217;s keep digging!&#8221;<\/p>\n<p><a href=\"https:\/\/twitter.com\/starbuxman\">@starbuxman<\/a> auf Twitter am 22.12.2016<\/p><\/blockquote>\n<p>Auf meiner Suche nach einer wartbaren und zukunftssicheren Plattform f\u00fcr die Entwicklung von Individualsoftware bin ich beim Spring Projekt f\u00fcndig geworden. Insbesondere die unendlichen Konfigurationsm\u00f6glichkeiten kombiniert mit einer vern\u00fcnftigen Standard-Konfiguration macht f\u00fcr mich den Charme dieser L\u00f6sung aus.<\/p>\n<blockquote><p>&#8220;Spring predates Ajax, Ruby on Rails, iPhone, Android, big data, Drupal, Java annotations and more. Its more popular than ever, growing daily&#8221;<\/p>\n<p><a href=\"https:\/\/twitter.com\/starbuxman\">@starbuxman<\/a> auf\u00a0Twitter am 07.12.2016<\/p><\/blockquote>\n<p>&nbsp;<\/p>\n<p>&nbsp;<\/p>\n","protected":false},"excerpt":{"rendered":"<p>W\u00e4hrend meiner Karriere in der Software-Branche habe ich schon viele Systeme gesehen und angepasst. Ich habe viel \u00fcber die Architektur von Business Applikationen gelernt. &#8220;This<\/p>\n","protected":false},"author":1,"featured_media":0,"parent":0,"menu_order":0,"comment_status":"closed","ping_status":"open","template":"","meta":{"footnotes":""},"_links":{"self":[{"href":"https:\/\/www.stefan-erichsen.eu\/index.php\/wp-json\/wp\/v2\/pages\/2"}],"collection":[{"href":"https:\/\/www.stefan-erichsen.eu\/index.php\/wp-json\/wp\/v2\/pages"}],"about":[{"href":"https:\/\/www.stefan-erichsen.eu\/index.php\/wp-json\/wp\/v2\/types\/page"}],"author":[{"embeddable":true,"href":"https:\/\/www.stefan-erichsen.eu\/index.php\/wp-json\/wp\/v2\/users\/1"}],"replies":[{"embeddable":true,"href":"https:\/\/www.stefan-erichsen.eu\/index.php\/wp-json\/wp\/v2\/comments?post=2"}],"version-history":[{"count":2,"href":"https:\/\/www.stefan-erichsen.eu\/index.php\/wp-json\/wp\/v2\/pages\/2\/revisions"}],"predecessor-version":[{"id":26,"href":"https:\/\/www.stefan-erichsen.eu\/index.php\/wp-json\/wp\/v2\/pages\/2\/revisions\/26"}],"wp:attachment":[{"href":"https:\/\/www.stefan-erichsen.eu\/index.php\/wp-json\/wp\/v2\/media?parent=2"}],"curies":[{"name":"wp","href":"https:\/\/api.w.org\/{rel}","templated":true}]}}